{"id":2156,"date":"2024-04-29T16:25:18","date_gmt":"2024-04-29T08:25:18","guid":{"rendered":"https:\/\/www.fuumy.com\/?post_type=product&#038;p=2156"},"modified":"2024-06-15T13:41:58","modified_gmt":"2024-06-15T05:41:58","slug":"s45","status":"publish","type":"product","link":"https:\/\/www.fuumy.com\/de\/product\/s45\/","title":{"rendered":"S45"},"content":{"rendered":"<p>Bereiten Sie sich darauf vor, die K\u00f6pfe zu drehen mit unserer fesselnden elektronischen Zigarette, einem Meisterwerk von Design und Leistung. Perfektion gefertigt, bietet dieses Ger\u00e4t ein exquisites Dampferlebnis, das einen dauerhaften Eindruck hinterlassen wird. Sein atemberaubendes Aussehen und seine au\u00dfergew\u00f6hnliche Funktionalit\u00e4t machen es zur idealen Wahl f\u00fcr Dampfer, die das Beste verlangen.<\/p>","protected":false},"excerpt":{"rendered":"<p>Wiederaufladbar Wegwerfbar | MESH COIL<\/p>","protected":false},"featured_media":2418,"comment_status":"open","ping_status":"closed","template":"","meta":{"_acf_changed":false},"product_cat":[27,15],"product_tag":[],"class_list":{"0":"post-2156","1":"product","2":"type-product","3":"status-publish","4":"has-post-thumbnail","6":"product_cat-new-arrival","7":"product_cat-disposable","9":"first","10":"instock","11":"shipping-taxable","12":"product-type-simple"},"acf":[],"_links":{"self":[{"href":"https:\/\/www.fuumy.com\/de\/wp-json\/wp\/v2\/product\/2156","targetHints":{"allow":["GET"]}}],"collection":[{"href":"https:\/\/www.fuumy.com\/de\/wp-json\/wp\/v2\/product"}],"about":[{"href":"https:\/\/www.fuumy.com\/de\/wp-json\/wp\/v2\/types\/product"}],"replies":[{"embeddable":true,"href":"https:\/\/www.fuumy.com\/de\/wp-json\/wp\/v2\/comments?post=2156"}],"wp:featuredmedia":[{"embeddable":true,"href":"https:\/\/www.fuumy.com\/de\/wp-json\/wp\/v2\/media\/2418"}],"wp:attachment":[{"href":"https:\/\/www.fuumy.com\/de\/wp-json\/wp\/v2\/media?parent=2156"}],"wp:term":[{"taxonomy":"product_cat","embeddable":true,"href":"https:\/\/www.fuumy.com\/de\/wp-json\/wp\/v2\/product_cat?post=2156"},{"taxonomy":"product_tag","embeddable":true,"href":"https:\/\/www.fuumy.com\/de\/wp-json\/wp\/v2\/product_tag?post=2156"}],"curies":[{"name":"wp","href":"https:\/\/api.w.org\/{rel}","templated":true}]}}