{"id":1538,"date":"2024-02-21T11:14:08","date_gmt":"2024-02-21T03:14:08","guid":{"rendered":"https:\/\/www.fuumy.com\/?post_type=product&#038;p=1538"},"modified":"2024-08-22T16:14:44","modified_gmt":"2024-08-22T08:14:44","slug":"s87-2","status":"publish","type":"product","link":"https:\/\/www.fuumy.com\/es\/product\/s87-2\/","title":{"rendered":"S87"},"content":{"rendered":"<p>1. Dise\u00f1o de mecha con pantalla hueca, grande y sensaci\u00f3n de tecnolog\u00eda general<br \/>\n2. pantalla de color grande en el frente con bater\u00eda, indicador de l\u00edquido y pantalla de salida<br \/>\n3. Control de salida para afinar y adaptarse a las necesidades personales<br \/>\n4. La bobina de malla doble colocada verticalmente funciona alternativamente para asegurar la consistencia del rico vapor y sabor<br \/>\n5. Control de flujo de aire de 2 pasos en la parte inferior<\/p>","protected":false},"excerpt":{"rendered":"<p>Recargable desechable | E-LIQUIDO Y INDICADOR DE BATER\u00cdA | MODO DE POWER | COIL DE DUAL MELLA<\/p>","protected":false},"featured_media":2350,"comment_status":"open","ping_status":"closed","template":"","meta":{"_acf_changed":false},"product_cat":[27,15],"product_tag":[],"class_list":{"0":"post-1538","1":"product","2":"type-product","3":"status-publish","4":"has-post-thumbnail","6":"product_cat-new-arrival","7":"product_cat-disposable","9":"first","10":"instock","11":"shipping-taxable","12":"product-type-simple"},"acf":[],"_links":{"self":[{"href":"https:\/\/www.fuumy.com\/es\/wp-json\/wp\/v2\/product\/1538","targetHints":{"allow":["GET"]}}],"collection":[{"href":"https:\/\/www.fuumy.com\/es\/wp-json\/wp\/v2\/product"}],"about":[{"href":"https:\/\/www.fuumy.com\/es\/wp-json\/wp\/v2\/types\/product"}],"replies":[{"embeddable":true,"href":"https:\/\/www.fuumy.com\/es\/wp-json\/wp\/v2\/comments?post=1538"}],"wp:featuredmedia":[{"embeddable":true,"href":"https:\/\/www.fuumy.com\/es\/wp-json\/wp\/v2\/media\/2350"}],"wp:attachment":[{"href":"https:\/\/www.fuumy.com\/es\/wp-json\/wp\/v2\/media?parent=1538"}],"wp:term":[{"taxonomy":"product_cat","embeddable":true,"href":"https:\/\/www.fuumy.com\/es\/wp-json\/wp\/v2\/product_cat?post=1538"},{"taxonomy":"product_tag","embeddable":true,"href":"https:\/\/www.fuumy.com\/es\/wp-json\/wp\/v2\/product_tag?post=1538"}],"curies":[{"name":"wp","href":"https:\/\/api.w.org\/{rel}","templated":true}]}}