{"id":651,"date":"2023-11-28T14:49:04","date_gmt":"2023-11-28T06:49:04","guid":{"rendered":"http:\/\/www.fuumy.com\/?post_type=product&#038;p=651"},"modified":"2024-06-15T14:00:51","modified_gmt":"2024-06-15T06:00:51","slug":"s32-3-5ml","status":"publish","type":"product","link":"https:\/\/www.fuumy.com\/es\/product\/s32-3-5ml\/","title":{"rendered":"S32"},"content":{"rendered":"<p>Eleva tu experiencia de vapeo con nuestro cigarrillo electr\u00f3nico de vanguardia, meticulosamente dise\u00f1ado para proporcionar una satisfacci\u00f3n sin igual. Equipado con una bobina de malla, este dispositivo genera un rico vapor y sabor, entregando un golpe intenso y sabroso con cada soplo. El dise\u00f1o delicado y compacto de la caja de este cigarrillo electr\u00f3nico cuenta con un factor de forma elegante y port\u00e1til que encaja f\u00e1cilmente en su vida diaria, permiti\u00e9ndole disfrutar de los placeres del vapeo donde quiera que vaya.<\/p>","protected":false},"excerpt":{"rendered":"<p>COIL de malla<\/p>","protected":false},"featured_media":2439,"comment_status":"open","ping_status":"closed","template":"","meta":{"_acf_changed":false},"product_cat":[15],"product_tag":[],"class_list":{"0":"post-651","1":"product","2":"type-product","3":"status-publish","4":"has-post-thumbnail","6":"product_cat-disposable","8":"first","9":"instock","10":"shipping-taxable","11":"product-type-simple"},"acf":[],"_links":{"self":[{"href":"https:\/\/www.fuumy.com\/es\/wp-json\/wp\/v2\/product\/651","targetHints":{"allow":["GET"]}}],"collection":[{"href":"https:\/\/www.fuumy.com\/es\/wp-json\/wp\/v2\/product"}],"about":[{"href":"https:\/\/www.fuumy.com\/es\/wp-json\/wp\/v2\/types\/product"}],"replies":[{"embeddable":true,"href":"https:\/\/www.fuumy.com\/es\/wp-json\/wp\/v2\/comments?post=651"}],"wp:featuredmedia":[{"embeddable":true,"href":"https:\/\/www.fuumy.com\/es\/wp-json\/wp\/v2\/media\/2439"}],"wp:attachment":[{"href":"https:\/\/www.fuumy.com\/es\/wp-json\/wp\/v2\/media?parent=651"}],"wp:term":[{"taxonomy":"product_cat","embeddable":true,"href":"https:\/\/www.fuumy.com\/es\/wp-json\/wp\/v2\/product_cat?post=651"},{"taxonomy":"product_tag","embeddable":true,"href":"https:\/\/www.fuumy.com\/es\/wp-json\/wp\/v2\/product_tag?post=651"}],"curies":[{"name":"wp","href":"https:\/\/api.w.org\/{rel}","templated":true}]}}