{"id":29,"date":"2023-10-30T17:26:51","date_gmt":"2023-10-30T09:26:51","guid":{"rendered":"http:\/\/www.fuumy.com\/?page_id=29"},"modified":"2024-04-15T18:14:18","modified_gmt":"2024-04-15T10:14:18","slug":"fuumy-tech","status":"publish","type":"page","link":"https:\/\/www.fuumy.com\/fr\/fuumy-tech\/","title":{"rendered":"FUUMY TECH"},"content":{"rendered":"<div data-elementor-type=\"wp-page\" data-elementor-id=\"29\" class=\"elementor elementor-29\" data-elementor-post-type=\"page\">\n\t\t\t\t<div class=\"elementor-element elementor-element-bda2815 e-flex e-con-boxed e-con e-parent\" data-id=\"bda2815\" data-element_type=\"container\" data-settings=\"{&quot;background_background&quot;:&quot;classic&quot;}\">\n\t\t\t\t\t<div class=\"e-con-inner\">\n\t\t\t\t<div class=\"elementor-element elementor-element-40d7ff7 elementor-widget elementor-widget-heading\" data-id=\"40d7ff7\" data-element_type=\"widget\" data-widget_type=\"heading.default\">\n\t\t\t\t<div class=\"elementor-widget-container\">\n\t\t\t<style>\/*! elementor - v3.21.0 - 25-04-2024 *\/\n.elementor-heading-title{padding:0;margin:0;line-height:1}.elementor-widget-heading .elementor-heading-title[class*=elementor-size-]>a{color:inherit;font-size:inherit;line-height:inherit}.elementor-widget-heading .elementor-heading-title.elementor-size-small{font-size:15px}.elementor-widget-heading .elementor-heading-title.elementor-size-medium{font-size:19px}.elementor-widget-heading .elementor-heading-title.elementor-size-large{font-size:29px}.elementor-widget-heading .elementor-heading-title.elementor-size-xl{font-size:39px}.elementor-widget-heading .elementor-heading-title.elementor-size-xxl{font-size:59px}<\/style><h2 class=\"elementor-heading-title elementor-size-default\">FUUMY TECH<\/h2>\t\t<\/div>\n\t\t\t\t<\/div>\n\t\t\t\t\t<\/div>\n\t\t\t\t<\/div>\n\t\t<div class=\"elementor-element elementor-element-cde4bce e-flex e-con-boxed e-con e-parent\" data-id=\"cde4bce\" data-element_type=\"container\">\n\t\t\t\t\t<div class=\"e-con-inner\">\n\t\t\t\t<div class=\"elementor-element elementor-element-17bff64 elementor-widget-divider--view-line elementor-widget elementor-widget-divider\" data-id=\"17bff64\" data-element_type=\"widget\" data-widget_type=\"divider.default\">\n\t\t\t\t<div class=\"elementor-widget-container\">\n\t\t\t<style>\/*! elementor - v3.21.0 - 25-04-2024 *\/\n.elementor-widget-divider{--divider-border-style:none;--divider-border-width:1px;--divider-color:#0c0d0e;--divider-icon-size:20px;--divider-element-spacing:10px;--divider-pattern-height:24px;--divider-pattern-size:20px;--divider-pattern-url:none;--divider-pattern-repeat:repeat-x}.elementor-widget-divider .elementor-divider{display:flex}.elementor-widget-divider .elementor-divider__text{font-size:15px;line-height:1;max-width:95%}.elementor-widget-divider .elementor-divider__element{margin:0 var(--divider-element-spacing);flex-shrink:0}.elementor-widget-divider .elementor-icon{font-size:var(--divider-icon-size)}.elementor-widget-divider .elementor-divider-separator{display:flex;margin:0;direction:ltr}.elementor-widget-divider--view-line_icon .elementor-divider-separator,.elementor-widget-divider--view-line_text .elementor-divider-separator{align-items:center}.elementor-widget-divider--view-line_icon .elementor-divider-separator:after,.elementor-widget-divider--view-line_icon .elementor-divider-separator:before,.elementor-widget-divider--view-line_text .elementor-divider-separator:after,.elementor-widget-divider--view-line_text .elementor-divider-separator:before{display:block;content:\"\";border-block-end:0;flex-grow:1;border-block-start:var(--divider-border-width) var(--divider-border-style) var(--divider-color)}.elementor-widget-divider--element-align-left .elementor-divider .elementor-divider-separator>.elementor-divider__svg:first-of-type{flex-grow:0;flex-shrink:100}.elementor-widget-divider--element-align-left .elementor-divider-separator:before{content:none}.elementor-widget-divider--element-align-left .elementor-divider__element{margin-left:0}.elementor-widget-divider--element-align-right .elementor-divider .elementor-divider-separator>.elementor-divider__svg:last-of-type{flex-grow:0;flex-shrink:100}.elementor-widget-divider--element-align-right .elementor-divider-separator:after{content:none}.elementor-widget-divider--element-align-right .elementor-divider__element{margin-right:0}.elementor-widget-divider--element-align-start .elementor-divider .elementor-divider-separator>.elementor-divider__svg:first-of-type{flex-grow:0;flex-shrink:100}.elementor-widget-divider--element-align-start .elementor-divider-separator:before{content:none}.elementor-widget-divider--element-align-start .elementor-divider__element{margin-inline-start:0}.elementor-widget-divider--element-align-end .elementor-divider .elementor-divider-separator>.elementor-divider__svg:last-of-type{flex-grow:0;flex-shrink:100}.elementor-widget-divider--element-align-end .elementor-divider-separator:after{content:none}.elementor-widget-divider--element-align-end .elementor-divider__element{margin-inline-end:0}.elementor-widget-divider:not(.elementor-widget-divider--view-line_text):not(.elementor-widget-divider--view-line_icon) .elementor-divider-separator{border-block-start:var(--divider-border-width) var(--divider-border-style) var(--divider-color)}.elementor-widget-divider--separator-type-pattern{--divider-border-style:none}.elementor-widget-divider--separator-type-pattern.elementor-widget-divider--view-line .elementor-divider-separator,.elementor-widget-divider--separator-type-pattern:not(.elementor-widget-divider--view-line) .elementor-divider-separator:after,.elementor-widget-divider--separator-type-pattern:not(.elementor-widget-divider--view-line) .elementor-divider-separator:before,.elementor-widget-divider--separator-type-pattern:not([class*=elementor-widget-divider--view]) .elementor-divider-separator{width:100%;min-height:var(--divider-pattern-height);-webkit-mask-size:var(--divider-pattern-size) 100%;mask-size:var(--divider-pattern-size) 100%;-webkit-mask-repeat:var(--divider-pattern-repeat);mask-repeat:var(--divider-pattern-repeat);background-color:var(--divider-color);-webkit-mask-image:var(--divider-pattern-url);mask-image:var(--divider-pattern-url)}.elementor-widget-divider--no-spacing{--divider-pattern-size:auto}.elementor-widget-divider--bg-round{--divider-pattern-repeat:round}.rtl .elementor-widget-divider .elementor-divider__text{direction:rtl}.e-con-inner>.elementor-widget-divider,.e-con>.elementor-widget-divider{width:var(--container-widget-width,100%);--flex-grow:var(--container-widget-flex-grow)}<\/style>\t\t<div class=\"elementor-divider\">\n\t\t\t<span class=\"elementor-divider-separator\">\n\t\t\t\t\t\t<\/span>\n\t\t<\/div>\n\t\t\t\t<\/div>\n\t\t\t\t<\/div>\n\t\t\t\t\t<\/div>\n\t\t\t\t<\/div>\n\t\t<div class=\"elementor-element elementor-element-699c8e0 e-flex e-con-boxed e-con e-parent\" data-id=\"699c8e0\" data-element_type=\"container\">\n\t\t\t\t\t<div class=\"e-con-inner\">\n\t\t\t\t<div class=\"elementor-element elementor-element-daab359 elementor-widget elementor-widget-text-editor\" data-id=\"daab359\" data-element_type=\"widget\" data-widget_type=\"text-editor.default\">\n\t\t\t\t<div class=\"elementor-widget-container\">\n\t\t\t<style>\/*! elementor - v3.21.0 - 25-04-2024 *\/\n.elementor-widget-text-editor.elementor-drop-cap-view-stacked .elementor-drop-cap{background-color:#69727d;color:#fff}.elementor-widget-text-editor.elementor-drop-cap-view-framed .elementor-drop-cap{color:#69727d;border:3px solid;background-color:transparent}.elementor-widget-text-editor:not(.elementor-drop-cap-view-default) .elementor-drop-cap{margin-top:8px}.elementor-widget-text-editor:not(.elementor-drop-cap-view-default) .elementor-drop-cap-letter{width:1em;height:1em}.elementor-widget-text-editor .elementor-drop-cap{float:left;text-align:center;line-height:1;font-size:50px}.elementor-widget-text-editor .elementor-drop-cap-letter{display:inline-block}<\/style>\t\t\t\t<h1><span style=\"vertical-align: inherit;\"><span style=\"vertical-align: inherit;\">Depuis 2019, l'\u00e9quipe FUUMY a travaill\u00e9 tr\u00e8s dur et a lanc\u00e9 une s\u00e9rie de produits dot\u00e9s de droits de propri\u00e9t\u00e9 intellectuelle ind\u00e9pendants, ainsi que de technologies de pointe dans l'innovation de la structure du produit, la pr\u00e9vention des fuites de liquides, l'anti-condensation, l'am\u00e9lioration de l'ar\u00f4me et ainsi de suite.<\/span><\/span><\/h1>\t\t\t\t\t\t<\/div>\n\t\t\t\t<\/div>\n\t\t\t\t\t<\/div>\n\t\t\t\t<\/div>\n\t\t<div class=\"elementor-element elementor-element-2fbf593 e-con-full e-flex e-con e-parent\" data-id=\"2fbf593\" data-element_type=\"container\">\n\t\t<div class=\"elementor-element elementor-element-d5a7f40 e-con-full e-flex e-con e-child\" data-id=\"d5a7f40\" data-element_type=\"container\">\n\t\t<div class=\"elementor-element elementor-element-bad558d e-con-full e-flex e-con e-child\" data-id=\"bad558d\" data-element_type=\"container\">\n\t\t\t\t<div class=\"elementor-element elementor-element-3a6312a elementor-widget-divider--view-line elementor-widget elementor-widget-divider\" data-id=\"3a6312a\" data-element_type=\"widget\" data-widget_type=\"divider.default\">\n\t\t\t\t<div class=\"elementor-widget-container\">\n\t\t\t\t\t<div class=\"elementor-divider\">\n\t\t\t<span class=\"elementor-divider-separator\">\n\t\t\t\t\t\t<\/span>\n\t\t<\/div>\n\t\t\t\t<\/div>\n\t\t\t\t<\/div>\n\t\t\t\t<div class=\"elementor-element elementor-element-84e14c0 elementor-widget elementor-widget-heading\" data-id=\"84e14c0\" data-element_type=\"widget\" data-widget_type=\"heading.default\">\n\t\t\t\t<div class=\"elementor-widget-container\">\n\t\t\t<h2 class=\"elementor-heading-title elementor-size-default\">DUAL MAILLE COIL<\/h2>\t\t<\/div>\n\t\t\t\t<\/div>\n\t\t\t\t<div class=\"elementor-element elementor-element-292c972 elementor-widget elementor-widget-text-editor\" data-id=\"292c972\" data-element_type=\"widget\" data-widget_type=\"text-editor.default\">\n\t\t\t\t<div class=\"elementor-widget-container\">\n\t\t\t\t\t\t\t<p><span style=\"vertical-align: inherit;\"><span style=\"vertical-align: inherit;\">Le tout nouveau double MESH COIL est introduit, pour offrir une saveur plus forte, plus concentr\u00e9e et plus riche de vapeur. Les particules d'a\u00e9rosol au niveau du nanom\u00e8tre d\u00e9livrent de la nicotine de mani\u00e8re plus efficace, apportant ainsi un vapotage sans pr\u00e9c\u00e9dent <\/span><\/span><span style=\"vertical-align: inherit;\"><span style=\"vertical-align: inherit;\">exp\u00e9rience.<\/span><\/span><\/p>\t\t\t\t\t\t<\/div>\n\t\t\t\t<\/div>\n\t\t\t\t<\/div>\n\t\t<div class=\"elementor-element elementor-element-306c7d3 e-con-full e-flex e-con e-child\" data-id=\"306c7d3\" data-element_type=\"container\">\n\t\t\t\t<div class=\"elementor-element elementor-element-96f4a11 elementor-widget elementor-widget-image\" data-id=\"96f4a11\" data-element_type=\"widget\" data-widget_type=\"image.default\">\n\t\t\t\t<div class=\"elementor-widget-container\">\n\t\t\t<style>\/*! elementor - v3.21.0 - 25-04-2024 *\/\n.elementor-widget-image{text-align:center}.elementor-widget-image a{display:inline-block}.elementor-widget-image a img[src$=\".svg\"]{width:48px}.elementor-widget-image img{vertical-align:middle;display:inline-block}<\/style>\t\t\t\t\t\t\t\t\t\t<img fetchpriority=\"high\" decoding=\"async\" width=\"800\" height=\"418\" src=\"https:\/\/www.fuumy.com\/wp-content\/uploads\/2023\/11\/22_\u770b\u56fe\u738b-1-1024x535.jpg\" class=\"attachment-large size-large wp-image-262\"  srcset=\"\" sizes=\"(max-width: 800px) 100vw, 800px\" title=\"FUUMY TECH-\" alt=\"FUUMY TECH-\" data-srcset=\"\" \/>\t\t\t\t\t\t\t\t\t\t\t\t\t<\/div>\n\t\t\t\t<\/div>\n\t\t\t\t<\/div>\n\t\t\t\t<\/div>\n\t\t<div class=\"elementor-element elementor-element-92ddca0 e-con-full e-flex e-con e-child\" data-id=\"92ddca0\" data-element_type=\"container\">\n\t\t<div class=\"elementor-element elementor-element-f4d96cc e-con-full e-flex e-con e-child\" data-id=\"f4d96cc\" data-element_type=\"container\">\n\t\t\t\t<div class=\"elementor-element elementor-element-c22ac94 elementor-widget elementor-widget-image\" data-id=\"c22ac94\" data-element_type=\"widget\" data-widget_type=\"image.default\">\n\t\t\t\t<div class=\"elementor-widget-container\">\n\t\t\t\t\t\t\t\t\t\t\t\t\t<img decoding=\"async\" width=\"800\" height=\"417\" src=\"https:\/\/www.fuumy.com\/wp-content\/uploads\/2023\/11\/33_\u770b\u56fe\u738b-1-1024x534.jpg\" class=\"attachment-large size-large wp-image-263\"  srcset=\"\" sizes=\"(max-width: 800px) 100vw, 800px\" title=\"FUUMY TECH-1\" alt=\"FUUMY TECH-1\" data-srcset=\"\" \/>\t\t\t\t\t\t\t\t\t\t\t\t\t<\/div>\n\t\t\t\t<\/div>\n\t\t\t\t<\/div>\n\t\t<div class=\"elementor-element elementor-element-5cd398d e-con-full e-flex e-con e-child\" data-id=\"5cd398d\" data-element_type=\"container\">\n\t\t\t\t<div class=\"elementor-element elementor-element-1b5d711 elementor-widget-divider--view-line elementor-widget elementor-widget-divider\" data-id=\"1b5d711\" data-element_type=\"widget\" data-widget_type=\"divider.default\">\n\t\t\t\t<div class=\"elementor-widget-container\">\n\t\t\t\t\t<div class=\"elementor-divider\">\n\t\t\t<span class=\"elementor-divider-separator\">\n\t\t\t\t\t\t<\/span>\n\t\t<\/div>\n\t\t\t\t<\/div>\n\t\t\t\t<\/div>\n\t\t\t\t<div class=\"elementor-element elementor-element-c9b52aa elementor-widget elementor-widget-heading\" data-id=\"c9b52aa\" data-element_type=\"widget\" data-widget_type=\"heading.default\">\n\t\t\t\t<div class=\"elementor-widget-container\">\n\t\t\t<h2 class=\"elementor-heading-title elementor-size-default\">VAPE jetable<\/h2>\t\t<\/div>\n\t\t\t\t<\/div>\n\t\t\t\t<div class=\"elementor-element elementor-element-7857915 elementor-widget elementor-widget-text-editor\" data-id=\"7857915\" data-element_type=\"widget\" data-widget_type=\"text-editor.default\">\n\t\t\t\t<div class=\"elementor-widget-container\">\n\t\t\t\t\t\t\t<p>En avril 2018, le produit de vape jetable FUUMY est sorti comme le pionnier adaptant le r\u00e9servoir de coton pour jetable au lieu de la structure traditionnelle de tasse de jus, qui est rapidement devenu la norme industrielle par la suite.<\/p>\t\t\t\t\t\t<\/div>\n\t\t\t\t<\/div>\n\t\t\t\t<\/div>\n\t\t\t\t<\/div>\n\t\t<div class=\"elementor-element elementor-element-549f318 e-con-full e-flex e-con e-child\" data-id=\"549f318\" data-element_type=\"container\">\n\t\t<div class=\"elementor-element elementor-element-d2f8a2a e-con-full e-flex e-con e-child\" data-id=\"d2f8a2a\" data-element_type=\"container\">\n\t\t\t\t<div class=\"elementor-element elementor-element-2c1075c elementor-widget-divider--view-line elementor-widget elementor-widget-divider\" data-id=\"2c1075c\" data-element_type=\"widget\" data-widget_type=\"divider.default\">\n\t\t\t\t<div class=\"elementor-widget-container\">\n\t\t\t\t\t<div class=\"elementor-divider\">\n\t\t\t<span class=\"elementor-divider-separator\">\n\t\t\t\t\t\t<\/span>\n\t\t<\/div>\n\t\t\t\t<\/div>\n\t\t\t\t<\/div>\n\t\t\t\t<div class=\"elementor-element elementor-element-1bb3713 elementor-widget elementor-widget-heading\" data-id=\"1bb3713\" data-element_type=\"widget\" data-widget_type=\"heading.default\">\n\t\t\t\t<div class=\"elementor-widget-container\">\n\t\t\t<h2 class=\"elementor-heading-title elementor-size-default\">SUPER TRANSFER COTON\n<\/h2>\t\t<\/div>\n\t\t\t\t<\/div>\n\t\t\t\t<div class=\"elementor-element elementor-element-7ea0389 elementor-widget elementor-widget-text-editor\" data-id=\"7ea0389\" data-element_type=\"widget\" data-widget_type=\"text-editor.default\">\n\t\t\t\t<div class=\"elementor-widget-container\">\n\t\t\t\t\t\t\t<p>La structure de super transfert exclusivement brevet\u00e9e contr\u00f4le avec pr\u00e9cision le flux d'\u00e9liquide, am\u00e9liore la saveur et dans le<br \/>entre-temps mieux sceller le r\u00e9servoir pour \u00e9viter d'\u00e9ventuelles fuites pendant le transport international.<\/p>\t\t\t\t\t\t<\/div>\n\t\t\t\t<\/div>\n\t\t\t\t<div class=\"elementor-element elementor-element-f8704f9 elementor-widget elementor-widget-button\" data-id=\"f8704f9\" data-element_type=\"widget\" data-widget_type=\"button.default\">\n\t\t\t\t<div class=\"elementor-widget-container\">\n\t\t\t\t\t<div class=\"elementor-button-wrapper\">\n\t\t\t<a class=\"elementor-button elementor-button-link elementor-size-sm\" href=\"https:\/\/www.hycoontech.com\/\">\n\t\t\t\t\t\t<span class=\"elementor-button-content-wrapper\">\n\t\t\t\t\t\t\t\t\t<span class=\"elementor-button-text\">En savoir plus<\/span>\n\t\t\t\t\t<\/span>\n\t\t\t\t\t<\/a>\n\t\t<\/div>\n\t\t\t\t<\/div>\n\t\t\t\t<\/div>\n\t\t\t\t<\/div>\n\t\t<div class=\"elementor-element elementor-element-0c10921 e-con-full e-flex e-con e-child\" data-id=\"0c10921\" data-element_type=\"container\">\n\t\t\t\t<div class=\"elementor-element elementor-element-50543e5 elementor-widget elementor-widget-image\" data-id=\"50543e5\" data-element_type=\"widget\" data-widget_type=\"image.default\">\n\t\t\t\t<div class=\"elementor-widget-container\">\n\t\t\t\t\t\t\t\t\t\t\t\t\t<img decoding=\"async\" width=\"800\" height=\"418\" src=\"https:\/\/www.fuumy.com\/wp-content\/uploads\/2023\/11\/\u56fe\u5c42-12-1024x535.png\" class=\"attachment-large size-large wp-image-266\"  srcset=\"\" sizes=\"(max-width: 800px) 100vw, 800px\" title=\"FUUMY TECH-2\" alt=\"FUUMY TECH-2\" data-srcset=\"\" \/>\t\t\t\t\t\t\t\t\t\t\t\t\t<\/div>\n\t\t\t\t<\/div>\n\t\t\t\t<\/div>\n\t\t\t\t<\/div>\n\t\t<div class=\"elementor-element elementor-element-dd6a096 e-con-full e-flex e-con e-child\" data-id=\"dd6a096\" data-element_type=\"container\">\n\t\t<div class=\"elementor-element elementor-element-60662f2 e-con-full e-flex e-con e-child\" data-id=\"60662f2\" data-element_type=\"container\">\n\t\t\t\t<div class=\"elementor-element elementor-element-37fb071 elementor-widget elementor-widget-image\" data-id=\"37fb071\" data-element_type=\"widget\" data-widget_type=\"image.default\">\n\t\t\t\t<div class=\"elementor-widget-container\">\n\t\t\t\t\t\t\t\t\t\t\t\t\t<img loading=\"lazy\" decoding=\"async\" width=\"800\" height=\"420\" src=\"https:\/\/www.fuumy.com\/wp-content\/uploads\/2023\/11\/55_\u770b\u56fe\u738b-1024x537.jpg\" class=\"attachment-large size-large wp-image-268\"  srcset=\"\" sizes=\"(max-width: 800px) 100vw, 800px\" title=\"FUUMY TECH-3\" alt=\"FUUMY TECH-3\" data-srcset=\"\" \/>\t\t\t\t\t\t\t\t\t\t\t\t\t<\/div>\n\t\t\t\t<\/div>\n\t\t\t\t<\/div>\n\t\t<div class=\"elementor-element elementor-element-ecf9857 e-con-full e-flex e-con e-child\" data-id=\"ecf9857\" data-element_type=\"container\">\n\t\t\t\t<div class=\"elementor-element elementor-element-e3da65c elementor-widget-divider--view-line elementor-widget elementor-widget-divider\" data-id=\"e3da65c\" data-element_type=\"widget\" data-widget_type=\"divider.default\">\n\t\t\t\t<div class=\"elementor-widget-container\">\n\t\t\t\t\t<div class=\"elementor-divider\">\n\t\t\t<span class=\"elementor-divider-separator\">\n\t\t\t\t\t\t<\/span>\n\t\t<\/div>\n\t\t\t\t<\/div>\n\t\t\t\t<\/div>\n\t\t\t\t<div class=\"elementor-element elementor-element-e961906 elementor-widget elementor-widget-heading\" data-id=\"e961906\" data-element_type=\"widget\" data-widget_type=\"heading.default\">\n\t\t\t\t<div class=\"elementor-widget-container\">\n\t\t\t<h2 class=\"elementor-heading-title elementor-size-default\">COP (COIL-OIL-PARTING) TECHNOLOGIE<\/h2>\t\t<\/div>\n\t\t\t\t<\/div>\n\t\t\t\t<div class=\"elementor-element elementor-element-53f142b elementor-widget elementor-widget-text-editor\" data-id=\"53f142b\" data-element_type=\"widget\" data-widget_type=\"text-editor.default\">\n\t\t\t\t<div class=\"elementor-widget-container\">\n\t\t\t\t\t\t\t<p><span style=\"vertical-align: inherit;\"><span style=\"vertical-align: inherit;\">Avant de d\u00e9barquer la capsule, l'huile (\u00e9liquide) est s\u00e9par\u00e9ment stock\u00e9e en dehors de la bobine qui s'assure que la capsule reste en bon \u00e9tat sans changement de saveur ou fuite pendant l'exp\u00e9dition et une longue shelflife. Ce n'est qu'apr\u00e8s que la capsule est d\u00e9bot\u00e9e que l'\u00e9liquide entre dans la chambre de bobine puis l'exp\u00e9rience de vapage fra\u00eeche commence.<\/span><\/span><\/p>\t\t\t\t\t\t<\/div>\n\t\t\t\t<\/div>\n\t\t\t\t<\/div>\n\t\t\t\t<\/div>\n\t\t<div class=\"elementor-element elementor-element-bd498b0 e-con-full e-flex e-con e-child\" data-id=\"bd498b0\" data-element_type=\"container\">\n\t\t<div class=\"elementor-element elementor-element-a68c13e e-con-full e-flex e-con e-child\" data-id=\"a68c13e\" data-element_type=\"container\">\n\t\t\t\t<div class=\"elementor-element elementor-element-20ede60 elementor-widget-divider--view-line elementor-widget elementor-widget-divider\" data-id=\"20ede60\" data-element_type=\"widget\" data-widget_type=\"divider.default\">\n\t\t\t\t<div class=\"elementor-widget-container\">\n\t\t\t\t\t<div class=\"elementor-divider\">\n\t\t\t<span class=\"elementor-divider-separator\">\n\t\t\t\t\t\t<\/span>\n\t\t<\/div>\n\t\t\t\t<\/div>\n\t\t\t\t<\/div>\n\t\t\t\t<div class=\"elementor-element elementor-element-8178013 elementor-widget elementor-widget-heading\" data-id=\"8178013\" data-element_type=\"widget\" data-widget_type=\"heading.default\">\n\t\t\t\t<div class=\"elementor-widget-container\">\n\t\t\t<h2 class=\"elementor-heading-title elementor-size-default\">C\u00e9ramique cellulaire<\/h2>\t\t<\/div>\n\t\t\t\t<\/div>\n\t\t\t\t<div class=\"elementor-element elementor-element-8424864 elementor-widget elementor-widget-text-editor\" data-id=\"8424864\" data-element_type=\"widget\" data-widget_type=\"text-editor.default\">\n\t\t\t\t<div class=\"elementor-widget-container\">\n\t\t\t\t\t\t\t<p>La derni\u00e8re technologie FUUMY exclusivement brevet\u00e9e, bobine en c\u00e9ramique cellulaire, forme une saveur r\u00e9elle et naturelle et en fait le premier choix pour les utilisateurs qui recherchent le produit ultime.<\/p>\t\t\t\t\t\t<\/div>\n\t\t\t\t<\/div>\n\t\t\t\t<\/div>\n\t\t<div class=\"elementor-element elementor-element-811a744 e-con-full e-flex e-con e-child\" data-id=\"811a744\" data-element_type=\"container\">\n\t\t\t\t<div class=\"elementor-element elementor-element-ae840aa elementor-widget elementor-widget-image\" data-id=\"ae840aa\" data-element_type=\"widget\" data-widget_type=\"image.default\">\n\t\t\t\t<div class=\"elementor-widget-container\">\n\t\t\t\t\t\t\t\t\t\t\t\t\t<img loading=\"lazy\" decoding=\"async\" width=\"800\" height=\"420\" src=\"https:\/\/www.fuumy.com\/wp-content\/uploads\/2023\/11\/66_\u770b\u56fe\u738b-2-1024x537.jpg\" class=\"attachment-large size-large wp-image-270\"  srcset=\"\" sizes=\"(max-width: 800px) 100vw, 800px\" title=\"FUUMY TECH-4\" alt=\"FUUMY TECH-4\" data-srcset=\"\" \/>\t\t\t\t\t\t\t\t\t\t\t\t\t<\/div>\n\t\t\t\t<\/div>\n\t\t\t\t<\/div>\n\t\t\t\t<\/div>\n\t\t<div class=\"elementor-element elementor-element-599b089 e-con-full e-flex e-con e-child\" data-id=\"599b089\" data-element_type=\"container\">\n\t\t<div class=\"elementor-element elementor-element-b755ca3 e-con-full e-flex e-con e-child\" data-id=\"b755ca3\" data-element_type=\"container\">\n\t\t\t\t<div class=\"elementor-element elementor-element-fcc14e2 elementor-widget elementor-widget-image\" data-id=\"fcc14e2\" data-element_type=\"widget\" data-widget_type=\"image.default\">\n\t\t\t\t<div class=\"elementor-widget-container\">\n\t\t\t\t\t\t\t\t\t\t\t\t\t<img loading=\"lazy\" decoding=\"async\" width=\"800\" height=\"418\" src=\"https:\/\/www.fuumy.com\/wp-content\/uploads\/2023\/11\/77_\u770b\u56fe\u738b-1024x535.jpg\" class=\"attachment-large size-large wp-image-271\"  srcset=\"\" sizes=\"(max-width: 800px) 100vw, 800px\" title=\"FUUMY TECH-5\" alt=\"FUUMY TECH-5\" data-srcset=\"\" \/>\t\t\t\t\t\t\t\t\t\t\t\t\t<\/div>\n\t\t\t\t<\/div>\n\t\t\t\t<\/div>\n\t\t<div class=\"elementor-element elementor-element-2bbec8c e-con-full e-flex e-con e-child\" data-id=\"2bbec8c\" data-element_type=\"container\">\n\t\t\t\t<div class=\"elementor-element elementor-element-acd172f elementor-widget-divider--view-line elementor-widget elementor-widget-divider\" data-id=\"acd172f\" data-element_type=\"widget\" data-widget_type=\"divider.default\">\n\t\t\t\t<div class=\"elementor-widget-container\">\n\t\t\t\t\t<div class=\"elementor-divider\">\n\t\t\t<span class=\"elementor-divider-separator\">\n\t\t\t\t\t\t<\/span>\n\t\t<\/div>\n\t\t\t\t<\/div>\n\t\t\t\t<\/div>\n\t\t\t\t<div class=\"elementor-element elementor-element-43f10b8 elementor-widget elementor-widget-heading\" data-id=\"43f10b8\" data-element_type=\"widget\" data-widget_type=\"heading.default\">\n\t\t\t\t<div class=\"elementor-widget-container\">\n\t\t\t<h2 class=\"elementor-heading-title elementor-size-default\">COLONNE CERAMIQUE<\/h2>\t\t<\/div>\n\t\t\t\t<\/div>\n\t\t\t\t<div class=\"elementor-element elementor-element-39fb3da elementor-widget elementor-widget-text-editor\" data-id=\"39fb3da\" data-element_type=\"widget\" data-widget_type=\"text-editor.default\">\n\t\t\t\t<div class=\"elementor-widget-container\">\n\t\t\t\t\t\t\t<p>La structure exclusivement brevet\u00e9e, alli\u00e9e \u00e0 la bobine en c\u00e9ramique \u00e0 colonne FUUMY qui est bien \u00e9quilibr\u00e9e dans diverses performances, est de pr\u00e9f\u00e9rence choisie pour le syst\u00e8me \u00e0 cuve ouverte. Une telle structure s'applique \u00e9galement au dispositif CBD.<\/p>\t\t\t\t\t\t<\/div>\n\t\t\t\t<\/div>\n\t\t\t\t<\/div>\n\t\t\t\t<\/div>\n\t\t\t\t<\/div>\n\t\t\t\t<\/div>","protected":false},"excerpt":{"rendered":"<p>FUUMY TECH Depuis 2019, l'\u00e9quipe de FUUMY a travaill\u00e9 tr\u00e8s dur et a lanc\u00e9 une s\u00e9rie de produits dot\u00e9s de droits de propri\u00e9t\u00e9 intellectuelle ind\u00e9pendants, ainsi que de technologies de pointe dans l'innovation de la structure du produit, la pr\u00e9vention des fuites de liquides, l'anti-condensation, l'am\u00e9lioration de l'ar\u00f4me, etc.<\/p>","protected":false},"author":1,"featured_media":0,"parent":0,"menu_order":4,"comment_status":"closed","ping_status":"closed","template":"elementor_header_footer","meta":{"_acf_changed":false,"footnotes":""},"class_list":["post-29","page","type-page","status-publish","hentry"],"acf":[],"_links":{"self":[{"href":"https:\/\/www.fuumy.com\/fr\/wp-json\/wp\/v2\/pages\/29","targetHints":{"allow":["GET"]}}],"collection":[{"href":"https:\/\/www.fuumy.com\/fr\/wp-json\/wp\/v2\/pages"}],"about":[{"href":"https:\/\/www.fuumy.com\/fr\/wp-json\/wp\/v2\/types\/page"}],"author":[{"embeddable":true,"href":"https:\/\/www.fuumy.com\/fr\/wp-json\/wp\/v2\/users\/1"}],"replies":[{"embeddable":true,"href":"https:\/\/www.fuumy.com\/fr\/wp-json\/wp\/v2\/comments?post=29"}],"version-history":[{"count":80,"href":"https:\/\/www.fuumy.com\/fr\/wp-json\/wp\/v2\/pages\/29\/revisions"}],"predecessor-version":[{"id":1968,"href":"https:\/\/www.fuumy.com\/fr\/wp-json\/wp\/v2\/pages\/29\/revisions\/1968"}],"wp:attachment":[{"href":"https:\/\/www.fuumy.com\/fr\/wp-json\/wp\/v2\/media?parent=29"}],"curies":[{"name":"wp","href":"https:\/\/api.w.org\/{rel}","templated":true}]}}