{"id":1538,"date":"2024-02-21T11:14:08","date_gmt":"2024-02-21T03:14:08","guid":{"rendered":"https:\/\/www.fuumy.com\/?post_type=product&#038;p=1538"},"modified":"2024-08-22T16:14:44","modified_gmt":"2024-08-22T08:14:44","slug":"s87-2","status":"publish","type":"product","link":"https:\/\/www.fuumy.com\/fr\/product\/s87-2\/","title":{"rendered":"S87"},"content":{"rendered":"<p>1. Conception de mecha avec creux, \u00e9cran grand et sensation technologique globale<br \/>\n2. Grand \u00e9cran couleur sur le devant avec batterie, indicateur liquide et affichage de sortie<br \/>\n3. Contr\u00f4le de sortie pour ajuster et adapter les besoins personnels<br \/>\n4. La bobine \u00e0 double maille plac\u00e9e verticalement fonctionne alternativement pour assurer la coh\u00e9rence de la vapeur et de l'ar\u00f4me riches<br \/>\n5. contr\u00f4le du flux d'air en 2 \u00e9tapes sur le fond<\/p>","protected":false},"excerpt":{"rendered":"<p>Rechargeable Disposable | E-LIQUID AND BATTERY INDICATOR | POWER MODE | DUAL MAIL COIL<\/p>","protected":false},"featured_media":2350,"comment_status":"open","ping_status":"closed","template":"","meta":{"_acf_changed":false},"product_cat":[27,15],"product_tag":[],"class_list":{"0":"post-1538","1":"product","2":"type-product","3":"status-publish","4":"has-post-thumbnail","6":"product_cat-new-arrival","7":"product_cat-disposable","9":"first","10":"instock","11":"shipping-taxable","12":"product-type-simple"},"acf":[],"_links":{"self":[{"href":"https:\/\/www.fuumy.com\/fr\/wp-json\/wp\/v2\/product\/1538","targetHints":{"allow":["GET"]}}],"collection":[{"href":"https:\/\/www.fuumy.com\/fr\/wp-json\/wp\/v2\/product"}],"about":[{"href":"https:\/\/www.fuumy.com\/fr\/wp-json\/wp\/v2\/types\/product"}],"replies":[{"embeddable":true,"href":"https:\/\/www.fuumy.com\/fr\/wp-json\/wp\/v2\/comments?post=1538"}],"wp:featuredmedia":[{"embeddable":true,"href":"https:\/\/www.fuumy.com\/fr\/wp-json\/wp\/v2\/media\/2350"}],"wp:attachment":[{"href":"https:\/\/www.fuumy.com\/fr\/wp-json\/wp\/v2\/media?parent=1538"}],"wp:term":[{"taxonomy":"product_cat","embeddable":true,"href":"https:\/\/www.fuumy.com\/fr\/wp-json\/wp\/v2\/product_cat?post=1538"},{"taxonomy":"product_tag","embeddable":true,"href":"https:\/\/www.fuumy.com\/fr\/wp-json\/wp\/v2\/product_tag?post=1538"}],"curies":[{"name":"wp","href":"https:\/\/api.w.org\/{rel}","templated":true}]}}