{"id":2156,"date":"2024-04-29T16:25:18","date_gmt":"2024-04-29T08:25:18","guid":{"rendered":"https:\/\/www.fuumy.com\/?post_type=product&#038;p=2156"},"modified":"2024-06-15T13:41:58","modified_gmt":"2024-06-15T05:41:58","slug":"s45","status":"publish","type":"product","link":"https:\/\/www.fuumy.com\/fr\/product\/s45\/","title":{"rendered":"S45"},"content":{"rendered":"<p>Pr\u00e9parez-vous \u00e0 tourner la t\u00eate avec notre cigarette \u00e9lectronique captivante, un chef-d'\u0153uvre de design et de performance. Con\u00e7u \u00e0 la perfection, cet appareil offre une exp\u00e9rience de vaping exquise qui laissera une impression durable. Son aspect \u00e9tonnant et sa fonctionnalit\u00e9 exceptionnelle en font le choix id\u00e9al pour les vapeurs qui exigent le meilleur.<\/p>","protected":false},"excerpt":{"rendered":"<p>Rechargeable Disposable | MASH COIL<\/p>","protected":false},"featured_media":2418,"comment_status":"open","ping_status":"closed","template":"","meta":{"_acf_changed":false},"product_cat":[27,15],"product_tag":[],"class_list":{"0":"post-2156","1":"product","2":"type-product","3":"status-publish","4":"has-post-thumbnail","6":"product_cat-new-arrival","7":"product_cat-disposable","9":"first","10":"instock","11":"shipping-taxable","12":"product-type-simple"},"acf":[],"_links":{"self":[{"href":"https:\/\/www.fuumy.com\/fr\/wp-json\/wp\/v2\/product\/2156","targetHints":{"allow":["GET"]}}],"collection":[{"href":"https:\/\/www.fuumy.com\/fr\/wp-json\/wp\/v2\/product"}],"about":[{"href":"https:\/\/www.fuumy.com\/fr\/wp-json\/wp\/v2\/types\/product"}],"replies":[{"embeddable":true,"href":"https:\/\/www.fuumy.com\/fr\/wp-json\/wp\/v2\/comments?post=2156"}],"wp:featuredmedia":[{"embeddable":true,"href":"https:\/\/www.fuumy.com\/fr\/wp-json\/wp\/v2\/media\/2418"}],"wp:attachment":[{"href":"https:\/\/www.fuumy.com\/fr\/wp-json\/wp\/v2\/media?parent=2156"}],"wp:term":[{"taxonomy":"product_cat","embeddable":true,"href":"https:\/\/www.fuumy.com\/fr\/wp-json\/wp\/v2\/product_cat?post=2156"},{"taxonomy":"product_tag","embeddable":true,"href":"https:\/\/www.fuumy.com\/fr\/wp-json\/wp\/v2\/product_tag?post=2156"}],"curies":[{"name":"wp","href":"https:\/\/api.w.org\/{rel}","templated":true}]}}